{"id":34,"date":"2025-04-12T20:20:53","date_gmt":"2025-04-12T18:20:53","guid":{"rendered":"https:\/\/demo.saloneseden.com\/?page_id=34"},"modified":"2025-04-12T23:03:04","modified_gmt":"2025-04-12T21:03:04","slug":"bautizos","status":"publish","type":"page","link":"https:\/\/saloneseden.com\/index.php\/bautizos\/","title":{"rendered":"Bautizos"},"content":{"rendered":"[et_pb_section fb_built=\u00bb1&#8243; admin_label=\u00bbsection\u00bb _builder_version=\u00bb4.16&#8243; global_colors_info=\u00bb{}\u00bb][et_pb_row _builder_version=\u00bb4.27.4&#8243; _module_preset=\u00bbdefault\u00bb global_colors_info=\u00bb{}\u00bb][et_pb_column type=\u00bb4_4&#8243; _builder_version=\u00bb4.27.4&#8243; _module_preset=\u00bbdefault\u00bb global_colors_info=\u00bb{}\u00bb][et_pb_image src=\u00bbhttps:\/\/demo.saloneseden.com\/wp-content\/uploads\/2025\/04\/banner_bautizos.png\u00bb align=\u00bbcenter\u00bb force_fullwidth=\u00bbon\u00bb _builder_version=\u00bb4.27.4&#8243; _module_preset=\u00bbdefault\u00bb animation_style=\u00bbfade\u00bb border_radii=\u00bbon|17px|17px|17px|17px\u00bb border_width_all=\u00bb2px\u00bb border_color_all=\u00bb#E09900&#8243; global_colors_info=\u00bb{}\u00bb][\/et_pb_image][\/et_pb_column][\/et_pb_row][et_pb_row admin_label=\u00bbrow\u00bb _builder_version=\u00bb4.16&#8243; background_size=\u00bbinitial\u00bb background_position=\u00bbtop_left\u00bb background_repeat=\u00bbrepeat\u00bb global_colors_info=\u00bb{}\u00bb][et_pb_column type=\u00bb4_4&#8243; _builder_version=\u00bb4.16&#8243; custom_padding=\u00bb|||\u00bb global_colors_info=\u00bb{}\u00bb custom_padding__hover=\u00bb|||\u00bb][et_pb_post_title meta=\u00bboff\u00bb featured_image=\u00bboff\u00bb _builder_version=\u00bb4.27.4&#8243; _module_preset=\u00bbdefault\u00bb title_text_color=\u00bb#E09900&#8243; global_colors_info=\u00bb{}\u00bb][\/et_pb_post_title][et_pb_text admin_label=\u00bbText\u00bb _builder_version=\u00bb4.16&#8243; background_size=\u00bbinitial\u00bb background_position=\u00bbtop_left\u00bb background_repeat=\u00bbrepeat\u00bb global_colors_info=\u00bb{}\u00bb]<p><\/p>\n<p>El bautizo es la primera gran celebraci\u00f3n de la que tu hijo es protagonista. Es el momento en el que el reci\u00e9n nacido es presentado en sociedad, y todo debe estar perfecto.<\/p>\n<p><\/p>\n<p><\/p>\n<p>Es una celebraci\u00f3n a la que acudir\u00e1n multitud de amigos, familiares, conocidos\u2026 y que hay que organizar con mucho mimo y cuidando cada detalle, desde Salones Ed\u00e9n sabemos c\u00f3mo hacerlo para que todo sea motivo de alegr\u00eda.<\/p>\n<p><\/p>\n<p><\/p>\n<p>M\u00e1s de 25 a\u00f1os organizando eventos garantizan nuestro \u00e9xito<\/p>\n<p><\/p>[\/et_pb_text][\/et_pb_column][\/et_pb_row][et_pb_row column_structure=\u00bb1_3,1_3,1_3&#8243; _builder_version=\u00bb4.27.4&#8243; _module_preset=\u00bbdefault\u00bb global_colors_info=\u00bb{}\u00bb][et_pb_column type=\u00bb1_3&#8243; _builder_version=\u00bb4.27.4&#8243; _module_preset=\u00bbdefault\u00bb global_colors_info=\u00bb{}\u00bb][\/et_pb_column][et_pb_column type=\u00bb1_3&#8243; _builder_version=\u00bb4.27.4&#8243; _module_preset=\u00bbdefault\u00bb global_colors_info=\u00bb{}\u00bb][et_pb_button button_text=\u00bbDescargar todos los men\u00fas\u00bb button_alignment=\u00bbcenter\u00bb _builder_version=\u00bb4.27.4&#8243; _module_preset=\u00bbdefault\u00bb custom_button=\u00bbon\u00bb button_border_radius=\u00bb17px\u00bb button_icon=\u00bb&#xe092;||divi||400&#8243; button_on_hover=\u00bboff\u00bb hover_enabled=\u00bb0&#8243; box_shadow_style=\u00bbpreset1&#8243; global_colors_info=\u00bb{}\u00bb button_url=\u00bb\/wp-content\/uploads\/2025\/04\/Menu-Bautizo.pdf\u00bb sticky_enabled=\u00bb0&#8243;][\/et_pb_button][\/et_pb_column][et_pb_column type=\u00bb1_3&#8243; _builder_version=\u00bb4.27.4&#8243; _module_preset=\u00bbdefault\u00bb global_colors_info=\u00bb{}\u00bb][\/et_pb_column][\/et_pb_row][\/et_pb_section]","protected":false},"excerpt":{"rendered":"<p>El bautizo es la primera gran celebraci\u00f3n de la que tu hijo es protagonista. Es el momento en el que el reci\u00e9n nacido es presentado en sociedad, y todo debe estar perfecto. Es una celebraci\u00f3n a la que acudir\u00e1n multitud de amigos, familiares, conocidos\u2026 y que hay que organizar con mucho mimo y cuidando cada [&hellip;]<\/p>\n","protected":false},"author":1,"featured_media":0,"parent":0,"menu_order":0,"comment_status":"closed","ping_status":"closed","template":"","meta":{"_et_pb_use_builder":"on","_et_pb_old_content":"<!-- wp:paragraph -->\n<p>El bautizo es la primera gran celebraci\u00f3n de la que tu hijo es protagonista. Es el momento en el que el reci\u00e9n nacido es presentado en sociedad, y todo debe estar perfecto.<\/p>\n<!-- \/wp:paragraph -->\n\n<!-- wp:paragraph -->\n<p>Es una celebraci\u00f3n a la que acudir\u00e1n multitud de amigos, familiares, conocidos\u2026 y que hay que organizar con mucho mimo y cuidando cada detalle, desde Salones Ed\u00e9n sabemos c\u00f3mo hacerlo para que todo sea motivo de alegr\u00eda.<\/p>\n<!-- \/wp:paragraph -->\n\n<!-- wp:paragraph -->\n<p>M\u00e1s de 25 a\u00f1os organizando eventos garantizan nuestro \u00e9xito<\/p>\n<!-- \/wp:paragraph -->\n\n<!-- wp:paragraph -->\n<p><\/p>\n<!-- \/wp:paragraph -->\n\n<!-- wp:buttons {\"align\":\"full\",\"layout\":{\"type\":\"flex\",\"justifyContent\":\"center\"}} -->\n<div class=\"wp-block-buttons alignfull\"><!-- wp:button {\"textAlign\":\"center\"} -->\n<div class=\"wp-block-button\"><a class=\"wp-block-button__link has-text-align-center wp-element-button\">Descargar todos los men\u00fas<\/a><\/div>\n<!-- \/wp:button --><\/div>\n<!-- \/wp:buttons -->\n\n<!-- wp:paragraph -->\n<p><\/p>\n<!-- \/wp:paragraph -->\n\n<!-- wp:paragraph -->\n<p><\/p>\n<!-- \/wp:paragraph -->","_et_gb_content_width":"1080","footnotes":""},"class_list":["post-34","page","type-page","status-publish","hentry"],"_links":{"self":[{"href":"https:\/\/saloneseden.com\/index.php\/wp-json\/wp\/v2\/pages\/34","targetHints":{"allow":["GET"]}}],"collection":[{"href":"https:\/\/saloneseden.com\/index.php\/wp-json\/wp\/v2\/pages"}],"about":[{"href":"https:\/\/saloneseden.com\/index.php\/wp-json\/wp\/v2\/types\/page"}],"author":[{"embeddable":true,"href":"https:\/\/saloneseden.com\/index.php\/wp-json\/wp\/v2\/users\/1"}],"replies":[{"embeddable":true,"href":"https:\/\/saloneseden.com\/index.php\/wp-json\/wp\/v2\/comments?post=34"}],"version-history":[{"count":7,"href":"https:\/\/saloneseden.com\/index.php\/wp-json\/wp\/v2\/pages\/34\/revisions"}],"predecessor-version":[{"id":160,"href":"https:\/\/saloneseden.com\/index.php\/wp-json\/wp\/v2\/pages\/34\/revisions\/160"}],"wp:attachment":[{"href":"https:\/\/saloneseden.com\/index.php\/wp-json\/wp\/v2\/media?parent=34"}],"curies":[{"name":"wp","href":"https:\/\/api.w.org\/{rel}","templated":true}]}}