{"id":27,"date":"2025-04-12T20:15:35","date_gmt":"2025-04-12T18:15:35","guid":{"rendered":"https:\/\/demo.saloneseden.com\/?page_id=27"},"modified":"2025-04-12T22:26:30","modified_gmt":"2025-04-12T20:26:30","slug":"bodas","status":"publish","type":"page","link":"https:\/\/saloneseden.com\/index.php\/bodas\/","title":{"rendered":"Bodas"},"content":{"rendered":"<p>[et_pb_section fb_built=\u00bb1&#8243; _builder_version=\u00bb4.16&#8243; global_colors_info=\u00bb{}\u00bb][et_pb_row _builder_version=\u00bb4.27.4&#8243; _module_preset=\u00bbdefault\u00bb global_colors_info=\u00bb{}\u00bb][et_pb_column type=\u00bb4_4&#8243; _builder_version=\u00bb4.27.4&#8243; _module_preset=\u00bbdefault\u00bb global_colors_info=\u00bb{}\u00bb][et_pb_image src=\u00bbhttps:\/\/demo.saloneseden.com\/wp-content\/uploads\/2025\/04\/banner_bodas.png\u00bb align=\u00bbcenter\u00bb force_fullwidth=\u00bbon\u00bb _builder_version=\u00bb4.27.4&#8243; _module_preset=\u00bbdefault\u00bb animation_style=\u00bbfade\u00bb border_radii=\u00bbon|17px|17px|17px|17px\u00bb border_width_all=\u00bb2px\u00bb border_color_all=\u00bb#E09900&#8243; global_colors_info=\u00bb{}\u00bb][\/et_pb_image][\/et_pb_column][\/et_pb_row][et_pb_row _builder_version=\u00bb4.16&#8243; background_size=\u00bbinitial\u00bb background_position=\u00bbtop_left\u00bb background_repeat=\u00bbrepeat\u00bb global_colors_info=\u00bb{}\u00bb][et_pb_column type=\u00bb4_4&#8243; _builder_version=\u00bb4.16&#8243; custom_padding=\u00bb|||\u00bb global_colors_info=\u00bb{}\u00bb custom_padding__hover=\u00bb|||\u00bb][et_pb_post_title _builder_version=\u00bb4.27.4&#8243; _module_preset=\u00bbdefault\u00bb meta=\u00bboff\u00bb featured_image=\u00bboff\u00bb title_text_color=\u00bb#E09900&#8243; hover_enabled=\u00bb0&#8243; sticky_enabled=\u00bb0&#8243;][\/et_pb_post_title][et_pb_text _builder_version=\u00bb4.16&#8243; background_size=\u00bbinitial\u00bb background_position=\u00bbtop_left\u00bb background_repeat=\u00bbrepeat\u00bb global_colors_info=\u00bb{}\u00bb]<!-- divi:paragraph --><\/p>\n<p>Para celebrar el d\u00eda m\u00e1s importante de vuestra vida, hemos puesto a vuestra disposici\u00f3n, uno de los <em>entornos m\u00e1s cuidados<\/em>\u00a0para este evento tan especial, con vuestros familiares y amigos m\u00e1s allegados.<\/p>\n<p><span style=\"font-size: 14px;\">Para ello hemos escogido una <\/span><em style=\"font-size: 14px;\">selecci\u00f3n de platos<\/em><span style=\"font-size: 14px;\">\u00a0para deleitar los paladares m\u00e1s exigentes, y para ofreceros un\u00a0<\/span><em style=\"font-size: 14px;\">banquete de exquisita calidad<\/em><span style=\"font-size: 14px;\">\u00a0a ti y a los tuyos, todo esto adornado con\u00a0<\/span><em style=\"font-size: 14px;\">productos de primera calidad<\/em><span style=\"font-size: 14px;\">\u00a0en todos los men\u00fas, y atendidos por un servicio encomiable de nuestros metres, camareros y cocineros.<\/span><\/p>\n<p><em><\/em><\/p>\n<p><em>En todos los men\u00fas incluimos:<\/em><br \/>\u00b7 Men\u00fa degustaci\u00f3n<br \/>\u00b7 Minutas\u00a0Impresas<br \/>\u00b7 Decoraci\u00f3n<\/p>\n<p><em>Disponemos:<\/em><br \/>\u00b7 Animadores infantiles<br \/>\u00b7 Autocares<br \/>\u00b7 Fot\u00f3grafo<br \/>\u00b7 V\u00eddeo<\/p>\n<p>M\u00e1s de 25 a\u00f1os organizando eventos garantizan nuestro \u00e9xito<\/p>\n<p><em><\/em><\/p>\n<p><!-- \/divi:paragraph -->[\/et_pb_text][\/et_pb_column][\/et_pb_row][et_pb_row column_structure=\u00bb1_3,1_3,1_3&#8243; _builder_version=\u00bb4.27.4&#8243; _module_preset=\u00bbdefault\u00bb global_colors_info=\u00bb{}\u00bb][et_pb_column type=\u00bb1_3&#8243; _builder_version=\u00bb4.27.4&#8243; _module_preset=\u00bbdefault\u00bb global_colors_info=\u00bb{}\u00bb][\/et_pb_column][et_pb_column type=\u00bb1_3&#8243; _builder_version=\u00bb4.27.4&#8243; _module_preset=\u00bbdefault\u00bb global_colors_info=\u00bb{}\u00bb][et_pb_button button_text=\u00bbDescargar todos los men\u00fas\u00bb button_alignment=\u00bbcenter\u00bb _builder_version=\u00bb4.27.4&#8243; _module_preset=\u00bbdefault\u00bb custom_button=\u00bbon\u00bb button_border_radius=\u00bb17px\u00bb button_font=\u00bbABeeZee||||||||\u00bb button_icon=\u00bb&#xe092;||divi||400&#8243; button_on_hover=\u00bboff\u00bb box_shadow_style=\u00bbpreset1&#8243; global_colors_info=\u00bb{}\u00bb][\/et_pb_button][\/et_pb_column][et_pb_column type=\u00bb1_3&#8243; _builder_version=\u00bb4.27.4&#8243; _module_preset=\u00bbdefault\u00bb global_colors_info=\u00bb{}\u00bb][\/et_pb_column][\/et_pb_row][\/et_pb_section]<\/p>\n","protected":false},"excerpt":{"rendered":"<p>Para celebrar el d\u00eda m\u00e1s importante de vuestra vida, hemos puesto a vuestra disposici\u00f3n, uno de los entornos m\u00e1s cuidados\u00a0para este evento tan especial, con vuestros familiares y amigos m\u00e1s allegados. Para ello hemos escogido una selecci\u00f3n de platos\u00a0para deleitar los paladares m\u00e1s exigentes, y para ofreceros un\u00a0banquete de exquisita calidad\u00a0a ti y a los [&hellip;]<\/p>\n","protected":false},"author":1,"featured_media":0,"parent":0,"menu_order":0,"comment_status":"closed","ping_status":"closed","template":"","meta":{"_et_pb_use_builder":"on","_et_pb_old_content":"<!-- wp:paragraph -->\n<p>Para celebrar el d\u00eda m\u00e1s importante de vuestra vida, hemos puesto a vuestra disposici\u00f3n, uno de los&nbsp;<em>entornos m\u00e1s cuidados<\/em>&nbsp;para este evento tan especial, con vuestros familiares y amigos m\u00e1s allegados.<\/p>\n<!-- \/wp:paragraph -->\n\n<!-- wp:paragraph -->\n<p>Para ello hemos escogido una&nbsp;<em>selecci\u00f3n de platos<\/em>&nbsp;para deleitar los paladares m\u00e1s exigentes, y para ofreceros un&nbsp;<em>banquete de exquisita calidad<\/em>&nbsp;a ti y a los tuyos, todo esto adornado con&nbsp;<em>productos de primera calidad<\/em>&nbsp;en todos los men\u00fas, y atendidos por un servicio encomiable de nuestros metres, camareros y cocineros.<\/p>\n<!-- \/wp:paragraph -->\n\n<!-- wp:paragraph -->\n<p><em>En todos los men\u00fas incluimos:<\/em><br>\u00b7 Men\u00fa degustaci\u00f3n<br>\u00b7 Minutas&nbsp;Impresas<br>\u00b7 Decoraci\u00f3n<\/p>\n<!-- \/wp:paragraph -->\n\n<!-- wp:paragraph -->\n<p><em>Disponemos:<\/em><br>\u00b7 Animadores infantiles<br>\u00b7 Autocares<br>\u00b7 Fot\u00f3grafo<br>\u00b7 V\u00eddeo<\/p>\n<!-- \/wp:paragraph -->\n\n<!-- wp:paragraph -->\n<p>M\u00e1s de 25 a\u00f1os organizando eventos garantizan nuestro \u00e9xito<\/p>\n<!-- \/wp:paragraph -->\n\n<!-- wp:paragraph -->\n<p><\/p>\n<!-- \/wp:paragraph -->\n\n<!-- wp:buttons {\"align\":\"full\",\"layout\":{\"type\":\"flex\",\"justifyContent\":\"center\"}} -->\n<div class=\"wp-block-buttons alignfull\"><!-- wp:button {\"textAlign\":\"center\"} -->\n<div class=\"wp-block-button\"><a class=\"wp-block-button__link has-text-align-center wp-element-button\">Descargar todos los men\u00fas<\/a><\/div>\n<!-- \/wp:button --><\/div>\n<!-- \/wp:buttons -->\n\n<!-- wp:paragraph -->\n<p><\/p>\n<!-- \/wp:paragraph -->\n\n<!-- wp:paragraph -->\n<p><\/p>\n<!-- \/wp:paragraph -->","_et_gb_content_width":"1080","footnotes":""},"class_list":["post-27","page","type-page","status-publish","hentry"],"_links":{"self":[{"href":"https:\/\/saloneseden.com\/index.php\/wp-json\/wp\/v2\/pages\/27","targetHints":{"allow":["GET"]}}],"collection":[{"href":"https:\/\/saloneseden.com\/index.php\/wp-json\/wp\/v2\/pages"}],"about":[{"href":"https:\/\/saloneseden.com\/index.php\/wp-json\/wp\/v2\/types\/page"}],"author":[{"embeddable":true,"href":"https:\/\/saloneseden.com\/index.php\/wp-json\/wp\/v2\/users\/1"}],"replies":[{"embeddable":true,"href":"https:\/\/saloneseden.com\/index.php\/wp-json\/wp\/v2\/comments?post=27"}],"version-history":[{"count":13,"href":"https:\/\/saloneseden.com\/index.php\/wp-json\/wp\/v2\/pages\/27\/revisions"}],"predecessor-version":[{"id":135,"href":"https:\/\/saloneseden.com\/index.php\/wp-json\/wp\/v2\/pages\/27\/revisions\/135"}],"wp:attachment":[{"href":"https:\/\/saloneseden.com\/index.php\/wp-json\/wp\/v2\/media?parent=27"}],"curies":[{"name":"wp","href":"https:\/\/api.w.org\/{rel}","templated":true}]}}